{"id":247,"date":"2022-06-09T02:24:41","date_gmt":"2022-06-09T02:24:41","guid":{"rendered":"https:\/\/cuk.cl\/?page_id=247"},"modified":"2026-04-08T22:47:51","modified_gmt":"2026-04-08T22:47:51","slug":"inicio","status":"publish","type":"page","link":"https:\/\/cuk.cl\/","title":{"rendered":"Inicio"},"content":{"rendered":"\n<figure class=\"wp-block-image size-large is-resized\"><img loading=\"lazy\" decoding=\"async\" width=\"1024\" height=\"149\" src=\"https:\/\/cuk.cl\/wp-content\/uploads\/2025\/06\/bienvenido-D-1024x149.png\" alt=\"\" class=\"wp-image-699\" style=\"width:384px;height:auto\" srcset=\"https:\/\/cuk.cl\/wp-content\/uploads\/2025\/06\/bienvenido-D-1024x149.png 1024w, https:\/\/cuk.cl\/wp-content\/uploads\/2025\/06\/bienvenido-D-300x44.png 300w, https:\/\/cuk.cl\/wp-content\/uploads\/2025\/06\/bienvenido-D-768x111.png 768w, https:\/\/cuk.cl\/wp-content\/uploads\/2025\/06\/bienvenido-D-1536x223.png 1536w, https:\/\/cuk.cl\/wp-content\/uploads\/2025\/06\/bienvenido-D.png 1772w\" sizes=\"auto, (max-width: 767px) 89vw, (max-width: 1000px) 54vw, (max-width: 1071px) 543px, 580px\" \/><\/figure>\n\n\n\n<p><\/p>\n\n\n\n<p>Cuk es una empresa dedicada a la impresi\u00f3n y fabricaci\u00f3n de soportes publicitarios de peque\u00f1o y gran formato. <br>Con m\u00e1s de 20 a\u00f1os de experiencia en el rubro.<br>Creemos que es posible dar soluciones efectivas escuchando con atenci\u00f3n las necesidades de cada cliente.<\/p>\n\n\n\n<p class=\"has-text-align-left\"><\/p>\n\n\n\n<figure class=\"wp-block-image size-large\"><img loading=\"lazy\" decoding=\"async\" width=\"1024\" height=\"917\" src=\"https:\/\/cuk.cl\/wp-content\/uploads\/2026\/04\/sen-14-1024x917.jpeg\" alt=\"\" class=\"wp-image-767\" srcset=\"https:\/\/cuk.cl\/wp-content\/uploads\/2026\/04\/sen-14-1024x917.jpeg 1024w, https:\/\/cuk.cl\/wp-content\/uploads\/2026\/04\/sen-14-300x269.jpeg 300w, https:\/\/cuk.cl\/wp-content\/uploads\/2026\/04\/sen-14-768x688.jpeg 768w, https:\/\/cuk.cl\/wp-content\/uploads\/2026\/04\/sen-14-1536x1375.jpeg 1536w, https:\/\/cuk.cl\/wp-content\/uploads\/2026\/04\/sen-14.jpeg 1693w\" sizes=\"auto, (max-width: 767px) 89vw, (max-width: 1000px) 54vw, (max-width: 1071px) 543px, 580px\" \/><\/figure>\n\n\n<div class=\"wp-block-image\">\n<figure class=\"aligncenter size-large\"><img loading=\"lazy\" decoding=\"async\" width=\"1024\" height=\"663\" src=\"https:\/\/cuk.cl\/wp-content\/uploads\/2024\/01\/20231214_204542-1024x663.jpg\" alt=\"\" class=\"wp-image-427\" srcset=\"https:\/\/cuk.cl\/wp-content\/uploads\/2024\/01\/20231214_204542-1024x663.jpg 1024w, https:\/\/cuk.cl\/wp-content\/uploads\/2024\/01\/20231214_204542-300x194.jpg 300w, https:\/\/cuk.cl\/wp-content\/uploads\/2024\/01\/20231214_204542-768x497.jpg 768w, https:\/\/cuk.cl\/wp-content\/uploads\/2024\/01\/20231214_204542-1536x994.jpg 1536w, https:\/\/cuk.cl\/wp-content\/uploads\/2024\/01\/20231214_204542-2048x1326.jpg 2048w\" sizes=\"auto, (max-width: 767px) 89vw, (max-width: 1000px) 54vw, (max-width: 1071px) 543px, 580px\" \/><\/figure>\n<\/div>\n\n<div class=\"wp-block-image\">\n<figure class=\"aligncenter size-large\"><img loading=\"lazy\" decoding=\"async\" width=\"876\" height=\"1024\" src=\"https:\/\/cuk.cl\/wp-content\/uploads\/2022\/06\/adhesivo-mural-876x1024.png\" alt=\"\" class=\"wp-image-453\" srcset=\"https:\/\/cuk.cl\/wp-content\/uploads\/2022\/06\/adhesivo-mural-876x1024.png 876w, https:\/\/cuk.cl\/wp-content\/uploads\/2022\/06\/adhesivo-mural-257x300.png 257w, https:\/\/cuk.cl\/wp-content\/uploads\/2022\/06\/adhesivo-mural-768x898.png 768w, https:\/\/cuk.cl\/wp-content\/uploads\/2022\/06\/adhesivo-mural-1314x1536.png 1314w, https:\/\/cuk.cl\/wp-content\/uploads\/2022\/06\/adhesivo-mural.png 1752w\" sizes=\"auto, (max-width: 767px) 89vw, (max-width: 1000px) 54vw, (max-width: 1071px) 543px, 580px\" \/><\/figure>\n<\/div>\n\n\n<figure class=\"wp-block-image size-large\"><img loading=\"lazy\" decoding=\"async\" width=\"1024\" height=\"890\" src=\"https:\/\/cuk.cl\/wp-content\/uploads\/2026\/04\/L23-1024x890.jpg\" alt=\"\" class=\"wp-image-769\" srcset=\"https:\/\/cuk.cl\/wp-content\/uploads\/2026\/04\/L23-1024x890.jpg 1024w, https:\/\/cuk.cl\/wp-content\/uploads\/2026\/04\/L23-300x261.jpg 300w, https:\/\/cuk.cl\/wp-content\/uploads\/2026\/04\/L23-768x667.jpg 768w, https:\/\/cuk.cl\/wp-content\/uploads\/2026\/04\/L23-1536x1334.jpg 1536w, https:\/\/cuk.cl\/wp-content\/uploads\/2026\/04\/L23-2048x1779.jpg 2048w\" sizes=\"auto, (max-width: 767px) 89vw, (max-width: 1000px) 54vw, (max-width: 1071px) 543px, 580px\" \/><\/figure>\n\n\n<div class=\"wp-block-image\">\n<figure class=\"aligncenter size-large\"><img loading=\"lazy\" decoding=\"async\" width=\"1024\" height=\"755\" src=\"https:\/\/cuk.cl\/wp-content\/uploads\/2024\/05\/totem-2024-1024x755.jpg\" alt=\"\" class=\"wp-image-445\" srcset=\"https:\/\/cuk.cl\/wp-content\/uploads\/2024\/05\/totem-2024-1024x755.jpg 1024w, https:\/\/cuk.cl\/wp-content\/uploads\/2024\/05\/totem-2024-300x221.jpg 300w, https:\/\/cuk.cl\/wp-content\/uploads\/2024\/05\/totem-2024-768x566.jpg 768w, https:\/\/cuk.cl\/wp-content\/uploads\/2024\/05\/totem-2024-1536x1133.jpg 1536w, https:\/\/cuk.cl\/wp-content\/uploads\/2024\/05\/totem-2024-2048x1510.jpg 2048w\" sizes=\"auto, (max-width: 767px) 89vw, (max-width: 1000px) 54vw, (max-width: 1071px) 543px, 580px\" \/><\/figure>\n<\/div>\n\n<div class=\"wp-block-image\">\n<figure class=\"aligncenter size-large\"><img loading=\"lazy\" decoding=\"async\" width=\"1024\" height=\"883\" src=\"https:\/\/cuk.cl\/wp-content\/uploads\/2024\/05\/stickers-2024-1024x883.jpg\" alt=\"\" class=\"wp-image-444\" srcset=\"https:\/\/cuk.cl\/wp-content\/uploads\/2024\/05\/stickers-2024-1024x883.jpg 1024w, https:\/\/cuk.cl\/wp-content\/uploads\/2024\/05\/stickers-2024-300x259.jpg 300w, https:\/\/cuk.cl\/wp-content\/uploads\/2024\/05\/stickers-2024-768x662.jpg 768w, https:\/\/cuk.cl\/wp-content\/uploads\/2024\/05\/stickers-2024-1536x1324.jpg 1536w, https:\/\/cuk.cl\/wp-content\/uploads\/2024\/05\/stickers-2024.jpg 1800w\" sizes=\"auto, (max-width: 767px) 89vw, (max-width: 1000px) 54vw, (max-width: 1071px) 543px, 580px\" \/><\/figure>\n<\/div>\n\n<div class=\"wp-block-image\">\n<figure class=\"aligncenter size-large\"><img loading=\"lazy\" decoding=\"async\" width=\"1024\" height=\"663\" src=\"https:\/\/cuk.cl\/wp-content\/uploads\/2024\/01\/20231221_225641-1024x663.jpg\" alt=\"\" class=\"wp-image-429\" srcset=\"https:\/\/cuk.cl\/wp-content\/uploads\/2024\/01\/20231221_225641-1024x663.jpg 1024w, https:\/\/cuk.cl\/wp-content\/uploads\/2024\/01\/20231221_225641-300x194.jpg 300w, https:\/\/cuk.cl\/wp-content\/uploads\/2024\/01\/20231221_225641-768x498.jpg 768w, https:\/\/cuk.cl\/wp-content\/uploads\/2024\/01\/20231221_225641-1536x995.jpg 1536w, https:\/\/cuk.cl\/wp-content\/uploads\/2024\/01\/20231221_225641-2048x1327.jpg 2048w\" sizes=\"auto, (max-width: 767px) 89vw, (max-width: 1000px) 54vw, (max-width: 1071px) 543px, 580px\" \/><\/figure>\n<\/div>\n\n<div class=\"wp-block-image\">\n<figure class=\"aligncenter size-large\"><img loading=\"lazy\" decoding=\"async\" width=\"1024\" height=\"682\" src=\"https:\/\/cuk.cl\/wp-content\/uploads\/2024\/01\/20231213_150816-1024x682.jpg\" alt=\"\" class=\"wp-image-426\" srcset=\"https:\/\/cuk.cl\/wp-content\/uploads\/2024\/01\/20231213_150816-1024x682.jpg 1024w, https:\/\/cuk.cl\/wp-content\/uploads\/2024\/01\/20231213_150816-300x200.jpg 300w, https:\/\/cuk.cl\/wp-content\/uploads\/2024\/01\/20231213_150816-768x512.jpg 768w, https:\/\/cuk.cl\/wp-content\/uploads\/2024\/01\/20231213_150816-1536x1023.jpg 1536w, https:\/\/cuk.cl\/wp-content\/uploads\/2024\/01\/20231213_150816-2048x1364.jpg 2048w\" sizes=\"auto, (max-width: 767px) 89vw, (max-width: 1000px) 54vw, (max-width: 1071px) 543px, 580px\" \/><\/figure>\n<\/div>\n\n<div class=\"wp-block-image\">\n<figure class=\"aligncenter size-large\"><img loading=\"lazy\" decoding=\"async\" width=\"1024\" height=\"675\" src=\"https:\/\/cuk.cl\/wp-content\/uploads\/2024\/11\/L21-1024x675.jpg\" alt=\"\" class=\"wp-image-529\" srcset=\"https:\/\/cuk.cl\/wp-content\/uploads\/2024\/11\/L21-1024x675.jpg 1024w, https:\/\/cuk.cl\/wp-content\/uploads\/2024\/11\/L21-300x198.jpg 300w, https:\/\/cuk.cl\/wp-content\/uploads\/2024\/11\/L21-768x506.jpg 768w, https:\/\/cuk.cl\/wp-content\/uploads\/2024\/11\/L21.jpg 1417w\" sizes=\"auto, (max-width: 767px) 89vw, (max-width: 1000px) 54vw, (max-width: 1071px) 543px, 580px\" \/><\/figure>\n<\/div>","protected":false},"excerpt":{"rendered":"<p>Cuk es una empresa dedicada a la impresi\u00f3n y fabricaci\u00f3n de soportes publicitarios de peque\u00f1o y gran formato. Con m\u00e1s de 20 a\u00f1os de experiencia en el rubro.Creemos que es posible dar soluciones efectivas escuchando con atenci\u00f3n las necesidades de cada cliente.<\/p>\n","protected":false},"author":1,"featured_media":0,"parent":0,"menu_order":0,"comment_status":"closed","ping_status":"closed","template":"","meta":{"footnotes":""},"class_list":["post-247","page","type-page","status-publish","hentry"],"_links":{"self":[{"href":"https:\/\/cuk.cl\/index.php?rest_route=\/wp\/v2\/pages\/247","targetHints":{"allow":["GET"]}}],"collection":[{"href":"https:\/\/cuk.cl\/index.php?rest_route=\/wp\/v2\/pages"}],"about":[{"href":"https:\/\/cuk.cl\/index.php?rest_route=\/wp\/v2\/types\/page"}],"author":[{"embeddable":true,"href":"https:\/\/cuk.cl\/index.php?rest_route=\/wp\/v2\/users\/1"}],"replies":[{"embeddable":true,"href":"https:\/\/cuk.cl\/index.php?rest_route=%2Fwp%2Fv2%2Fcomments&post=247"}],"version-history":[{"count":39,"href":"https:\/\/cuk.cl\/index.php?rest_route=\/wp\/v2\/pages\/247\/revisions"}],"predecessor-version":[{"id":819,"href":"https:\/\/cuk.cl\/index.php?rest_route=\/wp\/v2\/pages\/247\/revisions\/819"}],"wp:attachment":[{"href":"https:\/\/cuk.cl\/index.php?rest_route=%2Fwp%2Fv2%2Fmedia&parent=247"}],"curies":[{"name":"wp","href":"https:\/\/api.w.org\/{rel}","templated":true}]}}