{"id":708,"date":"2025-06-27T20:23:24","date_gmt":"2025-06-27T20:23:24","guid":{"rendered":"https:\/\/cuk.cl\/?page_id=708"},"modified":"2025-06-27T21:18:50","modified_gmt":"2025-06-27T21:18:50","slug":"ilustraciones","status":"publish","type":"page","link":"https:\/\/cuk.cl\/?page_id=708","title":{"rendered":"Ilustraciones"},"content":{"rendered":"\n<figure class=\"wp-block-image size-large is-resized\"><img loading=\"lazy\" decoding=\"async\" width=\"1024\" height=\"236\" src=\"https:\/\/cuk.cl\/wp-content\/uploads\/2025\/06\/un-toque-1024x236.png\" alt=\"\" class=\"wp-image-715\" style=\"width:430px;height:auto\" srcset=\"https:\/\/cuk.cl\/wp-content\/uploads\/2025\/06\/un-toque-1024x236.png 1024w, https:\/\/cuk.cl\/wp-content\/uploads\/2025\/06\/un-toque-300x69.png 300w, https:\/\/cuk.cl\/wp-content\/uploads\/2025\/06\/un-toque-768x177.png 768w, https:\/\/cuk.cl\/wp-content\/uploads\/2025\/06\/un-toque-1536x354.png 1536w, https:\/\/cuk.cl\/wp-content\/uploads\/2025\/06\/un-toque.png 1608w\" sizes=\"auto, (max-width: 767px) 89vw, (max-width: 1000px) 54vw, (max-width: 1071px) 543px, 580px\" \/><\/figure>\n\n\n\n<p><\/p>\n\n\n\n<p>Cuando el trabajo requiere el encanto y la calidez de una ilustraci\u00f3n, somos especialistas en agregar ese toque especial.<br>La idea es cautivar a ese p\u00fablico de los m\u00e1s peque\u00f1os, pero que son muy importantes para todos.<\/p>\n\n\n\n<p class=\"has-text-align-center has-text-color has-link-color wp-elements-0f3cebcb92ecd46b3bc7d9e2c4636e9a\" style=\"color:#3e7d98\">Galer\u00eda de <strong>Trabajos<\/strong><\/p>\n\n\n<style type=\"text\/css\">\r\n\t#foogallery-gallery-710 .fg-image {\r\n        width: 150px;\r\n    }\r\n<\/style>\r\n\t\t\t\t<div class=\"foogallery foogallery-container foogallery-default foogallery-lightbox-foogallery fg-gutter-10 fg-center fg-default fg-light fg-border-thin fg-shadow-outline fg-loading-default fg-loaded-fade-in fg-caption-hover fg-hover-fade fg-hover-zoom fg-ready\" id=\"foogallery-gallery-710\" data-foogallery=\"{&quot;item&quot;:{&quot;showCaptionTitle&quot;:true,&quot;showCaptionDescription&quot;:true},&quot;lazy&quot;:true}\" data-foogallery-lightbox=\"{&quot;thumbs&quot;:&quot;bottom&quot;,&quot;thumbsCaptions&quot;:false,&quot;thumbsBestFit&quot;:false,&quot;thumbsSmall&quot;:false,&quot;thumbsCaptionsAlign&quot;:&quot;default&quot;,&quot;info&quot;:&quot;bottom&quot;,&quot;infoVisible&quot;:true,&quot;infoOverlay&quot;:true,&quot;infoAlign&quot;:&quot;default&quot;,&quot;transition&quot;:&quot;fade&quot;,&quot;hoverButtons&quot;:false,&quot;fitMedia&quot;:false,&quot;noScrollbars&quot;:true,&quot;preserveButtonSpace&quot;:true,&quot;buttons&quot;:{&quot;fullscreen&quot;:true,&quot;info&quot;:true,&quot;thumbs&quot;:false},&quot;video&quot;:{&quot;autoPlay&quot;:true}}\" >\r\n\t<div class=\"fg-item fg-type-image fg-idle\"><figure class=\"fg-item-inner\"><a href=\"https:\/\/cuk.cl\/wp-content\/uploads\/2025\/06\/muestra-A.jpg\" data-attachment-id=\"711\" data-type=\"image\" class=\"fg-thumb\"><span class=\"fg-image-wrap\"><img decoding=\"async\" width=\"150\" height=\"150\" class=\"skip-lazy fg-image\" data-src-fg=\"https:\/\/cuk.cl\/wp-content\/uploads\/cache\/2025\/06\/muestra-A\/1786281253.jpg\" src=\"data:image\/svg+xml,%3Csvg%20xmlns%3D%22http%3A%2F%2Fwww.w3.org%2F2000%2Fsvg%22%20width%3D%22150%22%20height%3D%22150%22%20viewBox%3D%220%200%20150%20150%22%3E%3C%2Fsvg%3E\" loading=\"eager\"><\/span><span class=\"fg-image-overlay\"><\/span><\/a><figcaption class=\"fg-caption\"><div class=\"fg-caption-inner\"><\/div><\/figcaption><\/figure><div class=\"fg-loader\"><\/div><\/div><div class=\"fg-item fg-type-image fg-idle\"><figure class=\"fg-item-inner\"><a href=\"https:\/\/cuk.cl\/wp-content\/uploads\/2025\/06\/muestra-B.jpg\" data-attachment-id=\"712\" data-type=\"image\" class=\"fg-thumb\"><span class=\"fg-image-wrap\"><img decoding=\"async\" width=\"150\" height=\"150\" class=\"skip-lazy fg-image\" data-src-fg=\"https:\/\/cuk.cl\/wp-content\/uploads\/cache\/2025\/06\/muestra-B\/1306991086.jpg\" src=\"data:image\/svg+xml,%3Csvg%20xmlns%3D%22http%3A%2F%2Fwww.w3.org%2F2000%2Fsvg%22%20width%3D%22150%22%20height%3D%22150%22%20viewBox%3D%220%200%20150%20150%22%3E%3C%2Fsvg%3E\" loading=\"eager\"><\/span><span class=\"fg-image-overlay\"><\/span><\/a><figcaption class=\"fg-caption\"><div class=\"fg-caption-inner\"><\/div><\/figcaption><\/figure><div class=\"fg-loader\"><\/div><\/div><div class=\"fg-item fg-type-image fg-idle\"><figure class=\"fg-item-inner\"><a href=\"https:\/\/cuk.cl\/wp-content\/uploads\/2025\/06\/muestra-C.jpg\" data-attachment-id=\"713\" data-type=\"image\" class=\"fg-thumb\"><span class=\"fg-image-wrap\"><img decoding=\"async\" width=\"150\" height=\"150\" class=\"skip-lazy fg-image\" data-src-fg=\"https:\/\/cuk.cl\/wp-content\/uploads\/cache\/2025\/06\/muestra-C\/1351760471.jpg\" src=\"data:image\/svg+xml,%3Csvg%20xmlns%3D%22http%3A%2F%2Fwww.w3.org%2F2000%2Fsvg%22%20width%3D%22150%22%20height%3D%22150%22%20viewBox%3D%220%200%20150%20150%22%3E%3C%2Fsvg%3E\" loading=\"eager\"><\/span><span class=\"fg-image-overlay\"><\/span><\/a><figcaption class=\"fg-caption\"><div class=\"fg-caption-inner\"><\/div><\/figcaption><\/figure><div class=\"fg-loader\"><\/div><\/div><div class=\"fg-item fg-type-image fg-idle\"><figure class=\"fg-item-inner\"><a href=\"https:\/\/cuk.cl\/wp-content\/uploads\/2025\/06\/muestra-D.jpg\" data-attachment-id=\"714\" data-type=\"image\" class=\"fg-thumb\"><span class=\"fg-image-wrap\"><img decoding=\"async\" width=\"150\" height=\"150\" class=\"skip-lazy fg-image\" data-src-fg=\"https:\/\/cuk.cl\/wp-content\/uploads\/cache\/2025\/06\/muestra-D\/47829112.jpg\" src=\"data:image\/svg+xml,%3Csvg%20xmlns%3D%22http%3A%2F%2Fwww.w3.org%2F2000%2Fsvg%22%20width%3D%22150%22%20height%3D%22150%22%20viewBox%3D%220%200%20150%20150%22%3E%3C%2Fsvg%3E\" loading=\"eager\"><\/span><span class=\"fg-image-overlay\"><\/span><\/a><figcaption class=\"fg-caption\"><div class=\"fg-caption-inner\"><\/div><\/figcaption><\/figure><div class=\"fg-loader\"><\/div><\/div><\/div>\r\n","protected":false},"excerpt":{"rendered":"<p>Cuando el trabajo requiere el encanto y la calidez de una ilustraci\u00f3n, somos especialistas en agregar ese toque especial.La idea es cautivar a ese p\u00fablico de los m\u00e1s peque\u00f1os, pero que son muy importantes para todos. Galer\u00eda de Trabajos<\/p>\n","protected":false},"author":1,"featured_media":0,"parent":0,"menu_order":0,"comment_status":"closed","ping_status":"closed","template":"","meta":{"footnotes":""},"class_list":["post-708","page","type-page","status-publish","hentry"],"_links":{"self":[{"href":"https:\/\/cuk.cl\/index.php?rest_route=\/wp\/v2\/pages\/708","targetHints":{"allow":["GET"]}}],"collection":[{"href":"https:\/\/cuk.cl\/index.php?rest_route=\/wp\/v2\/pages"}],"about":[{"href":"https:\/\/cuk.cl\/index.php?rest_route=\/wp\/v2\/types\/page"}],"author":[{"embeddable":true,"href":"https:\/\/cuk.cl\/index.php?rest_route=\/wp\/v2\/users\/1"}],"replies":[{"embeddable":true,"href":"https:\/\/cuk.cl\/index.php?rest_route=%2Fwp%2Fv2%2Fcomments&post=708"}],"version-history":[{"count":5,"href":"https:\/\/cuk.cl\/index.php?rest_route=\/wp\/v2\/pages\/708\/revisions"}],"predecessor-version":[{"id":720,"href":"https:\/\/cuk.cl\/index.php?rest_route=\/wp\/v2\/pages\/708\/revisions\/720"}],"wp:attachment":[{"href":"https:\/\/cuk.cl\/index.php?rest_route=%2Fwp%2Fv2%2Fmedia&parent=708"}],"curies":[{"name":"wp","href":"https:\/\/api.w.org\/{rel}","templated":true}]}}